{"id":15,"date":"2025-10-12T12:58:19","date_gmt":"2025-10-12T12:58:19","guid":{"rendered":"https:\/\/dolunayozbek.com\/?page_id=15"},"modified":"2025-10-19T12:22:00","modified_gmt":"2025-10-19T12:22:00","slug":"blog","status":"publish","type":"page","link":"https:\/\/dolunayozbek.com\/?page_id=15","title":{"rendered":"BLOG"},"content":{"rendered":"\n<div class=\"wp-block-cover alignfull has-custom-content-position is-position-top-left\"><img loading=\"lazy\" decoding=\"async\" width=\"1024\" height=\"1024\" class=\"wp-block-cover__image-background wp-image-19\" alt=\"\" src=\"https:\/\/dolunayozbek.com\/wp-content\/uploads\/2025\/10\/WhatsApp-Image-2025-10-12-at-16.01.46.jpeg\" data-object-fit=\"cover\" srcset=\"https:\/\/dolunayozbek.com\/wp-content\/uploads\/2025\/10\/WhatsApp-Image-2025-10-12-at-16.01.46.jpeg 1024w, https:\/\/dolunayozbek.com\/wp-content\/uploads\/2025\/10\/WhatsApp-Image-2025-10-12-at-16.01.46-300x300.jpeg 300w, https:\/\/dolunayozbek.com\/wp-content\/uploads\/2025\/10\/WhatsApp-Image-2025-10-12-at-16.01.46-150x150.jpeg 150w, https:\/\/dolunayozbek.com\/wp-content\/uploads\/2025\/10\/WhatsApp-Image-2025-10-12-at-16.01.46-768x768.jpeg 768w\" sizes=\"auto, (max-width: 1024px) 100vw, 1024px\" \/><span aria-hidden=\"true\" class=\"wp-block-cover__background has-background-dim\"><\/span><div class=\"wp-block-cover__inner-container is-layout-flow wp-block-cover-is-layout-flow\">\n<p><\/p>\n\n\n\n<p><\/p>\n\n\n\n<p class=\"has-text-align-left has-large-font-size\">AY I\u015eI\u011eINDA YAZILANLAR<\/p>\n\n\n\n<p><\/p>\n\n\n\n<p>D\u00dc\u015e\u00dcNEREK DO\u011eURUYORUM,<\/p>\n\n\n\n<p>YAZARAK B\u00dcY\u00dcT\u00dcYORUM.<\/p>\n<\/div><\/div>\n\n\n\n<div class=\"wp-block-query is-layout-flow wp-block-query-is-layout-flow\"><ul class=\"columns-3 wp-block-post-template is-layout-grid wp-container-core-post-template-is-layout-2fc57c17 wp-block-post-template-is-layout-grid\"><li class=\"wp-block-post post-113 post type-post status-publish format-standard hentry category-blog\">\n\n<div class=\"wp-block-group\" style=\"padding-top:30px;padding-right:30px;padding-bottom:30px;padding-left:30px\"><div class=\"wp-block-group__inner-container is-layout-flow wp-block-group-is-layout-flow\"><h2 class=\"wp-block-post-title\"><a href=\"https:\/\/dolunayozbek.com\/?p=113\" target=\"_self\" >Kararlar\u0131n\u0131n Arkas\u0131nda Durmak: Beklemeden, Onay Aramadan, Sonuna Kadar<\/a><\/h2>\n\n<div class=\"wp-block-post-excerpt\"><p class=\"wp-block-post-excerpt__excerpt\">Hayat ilerleyenler i\u00e7in a\u00e7\u0131l\u0131r. Bekleyenler i\u00e7in de\u011fil.Karar vermek cesaret ister ama karar\u0131n\u0131n arkas\u0131nda durmak karakter ister. \u00c7o\u011fu insan karar almaz; ihtimalleri tartar, fikir toplar, onay &hellip; <\/p><\/div>\n\n<div class=\"wp-block-post-date\"><time datetime=\"2025-12-28T16:04:59+00:00\">Aral\u0131k 28, 2025<\/time><\/div><\/div><\/div>\n\n<\/li><li class=\"wp-block-post post-110 post type-post status-publish format-standard hentry category-blog\">\n\n<div class=\"wp-block-group\" style=\"padding-top:30px;padding-right:30px;padding-bottom:30px;padding-left:30px\"><div class=\"wp-block-group__inner-container is-layout-flow wp-block-group-is-layout-flow\"><h2 class=\"wp-block-post-title\"><a href=\"https:\/\/dolunayozbek.com\/?p=110\" target=\"_self\" >HEP\u0130M\u0130Z \u0130\u00c7\u0130M\u0130ZDEN AYNI SORUYU SORUYORUZ<\/a><\/h2>\n\n<div class=\"wp-block-post-excerpt\"><p class=\"wp-block-post-excerpt__excerpt\">\u015eu an tuhaf bir hava var&#8230; D\u0131\u015far\u0131dan bak\u0131ld\u0131\u011f\u0131nda her \u015fey normal; insanlar i\u015fine gidiyor, ekranlar kay\u0131yor, zaman ilerliyor&#8230; Ama sanki i\u00e7eride ba\u015fka bir \u015fey oluyor. &hellip; <\/p><\/div>\n\n<div class=\"wp-block-post-date\"><time datetime=\"2025-12-18T10:51:19+00:00\">Aral\u0131k 18, 2025<\/time><\/div><\/div><\/div>\n\n<\/li><li class=\"wp-block-post post-108 post type-post status-publish format-standard hentry category-blog\">\n\n<div class=\"wp-block-group\" style=\"padding-top:30px;padding-right:30px;padding-bottom:30px;padding-left:30px\"><div class=\"wp-block-group__inner-container is-layout-flow wp-block-group-is-layout-flow\"><h2 class=\"wp-block-post-title\"><a href=\"https:\/\/dolunayozbek.com\/?p=108\" target=\"_self\" >H\u0131zl\u0131 T\u00fcketim \u00c7a\u011f\u0131nda Doymayan Ruhlar<\/a><\/h2>\n\n<div class=\"wp-block-post-excerpt\"><p class=\"wp-block-post-excerpt__excerpt\">A\u00e7l\u0131\u011f\u0131n Unutulan Sanat\u0131 Bir zamanlar insan yemek yaparak ya\u015fard\u0131.\u015eimdi yaln\u0131zca \u201cyemek t\u00fcketmekle\u201d me\u015fgul. Kapa\u011f\u0131n\u0131 a\u00e7, mikrodalgaya koy, tok hisset.Ama asla d\u00fc\u015f\u00fcnme.\u0130\u015fte \u00e7a\u011f\u0131m\u0131z\u0131n g\u00f6r\u00fcnmez kural\u0131:\u201cD\u00fc\u015f\u00fcnmemek i\u00e7in &hellip; <\/p><\/div>\n\n<div class=\"wp-block-post-date\"><time datetime=\"2025-11-12T18:37:19+00:00\">Kas\u0131m 12, 2025<\/time><\/div><\/div><\/div>\n\n<\/li><li class=\"wp-block-post post-105 post type-post status-publish format-standard hentry category-blog\">\n\n<div class=\"wp-block-group\" style=\"padding-top:30px;padding-right:30px;padding-bottom:30px;padding-left:30px\"><div class=\"wp-block-group__inner-container is-layout-flow wp-block-group-is-layout-flow\"><h2 class=\"wp-block-post-title\"><a href=\"https:\/\/dolunayozbek.com\/?p=105\" target=\"_self\" >\u0130nsan\u0131n \u0130\u00e7indeki Uzayl\u0131: Bilincin Kozmik Yans\u0131mas\u0131<\/a><\/h2>\n\n<div class=\"wp-block-post-excerpt\"><p class=\"wp-block-post-excerpt__excerpt\">\u00d6zet Bu makale, \u201cuzayl\u0131\u201d kavram\u0131n\u0131 d\u0131\u015fsal bir varl\u0131k ya da biyolojik t\u00fcr olarak de\u011fil, insan bilincinin hen\u00fcz ke\u015ffedilmemi\u015f alanlar\u0131n\u0131 temsil eden bir metafor olarak ele &hellip; <\/p><\/div>\n\n<div class=\"wp-block-post-date\"><time datetime=\"2025-10-31T12:52:26+00:00\">Ekim 31, 2025<\/time><\/div><\/div><\/div>\n\n<\/li><li class=\"wp-block-post post-103 post type-post status-publish format-standard hentry category-blog tag-deprem\">\n\n<div class=\"wp-block-group\" style=\"padding-top:30px;padding-right:30px;padding-bottom:30px;padding-left:30px\"><div class=\"wp-block-group__inner-container is-layout-flow wp-block-group-is-layout-flow\"><h2 class=\"wp-block-post-title\"><a href=\"https:\/\/dolunayozbek.com\/?p=103\" target=\"_self\" >YERY\u00dcZ\u00dcYLE UYUMLANMAK: D\u00dc\u015e\u00dcNCELER\u0130M\u0130ZLE DO\u011eAYI SAK\u0130NLE\u015eT\u0130RMEK<\/a><\/h2>\n\n<div class=\"wp-block-post-excerpt\"><p class=\"wp-block-post-excerpt__excerpt\">Bazen d\u00fcnya titrer&#8230; Toprak, i\u00e7indeki enerjiyi serbest b\u0131rak\u0131r. Biz buna deprem deriz. Ama asl\u0131nda bu, d\u00fcnyan\u0131n nefes al\u0131\u015f\u0131d\u0131r &#8211; binlerce y\u0131ld\u0131r s\u00fcren bir ritim, bir &hellip; <\/p><\/div>\n\n<div class=\"wp-block-post-date\"><time datetime=\"2025-10-19T13:09:29+00:00\">Ekim 19, 2025<\/time><\/div><\/div><\/div>\n\n<\/li><li class=\"wp-block-post post-100 post type-post status-publish format-standard hentry category-eserler\">\n\n<div class=\"wp-block-group\" style=\"padding-top:30px;padding-right:30px;padding-bottom:30px;padding-left:30px\"><div class=\"wp-block-group__inner-container is-layout-flow wp-block-group-is-layout-flow\"><h2 class=\"wp-block-post-title\"><a href=\"https:\/\/dolunayozbek.com\/?p=100\" target=\"_self\" >B\u0131rakmak Bir Kaybedi\u015f De\u011fil, Hafiflemektir<\/a><\/h2>\n\n<div class=\"wp-block-post-excerpt\"><p class=\"wp-block-post-excerpt__excerpt\">\u0130nsan, her \u015feyi kontrol alt\u0131nda tutmak ister \u00e7\u00fcnk\u00fc belirsizlik onu korkutur.Ama fark ettin mi? Ne kadar s\u0131k\u0131 tutarsan, o kadar \u00e7ok yorulursun.Evrenin ak\u0131\u015f\u0131 ise s\u0131k\u0131 &hellip; <\/p><\/div>\n\n<div class=\"wp-block-post-date\"><time datetime=\"2025-10-15T13:52:57+00:00\">Ekim 15, 2025<\/time><\/div><\/div><\/div>\n\n<\/li><li class=\"wp-block-post post-98 post type-post status-publish format-standard hentry category-blog\">\n\n<div class=\"wp-block-group\" style=\"padding-top:30px;padding-right:30px;padding-bottom:30px;padding-left:30px\"><div class=\"wp-block-group__inner-container is-layout-flow wp-block-group-is-layout-flow\"><h2 class=\"wp-block-post-title\"><a href=\"https:\/\/dolunayozbek.com\/?p=98\" target=\"_self\" >Birlik Frekans\u0131: Bir Ki\u015finin Enerjisi T\u00fcm Evreni Nas\u0131l D\u00f6n\u00fc\u015ft\u00fcr\u00fcr<\/a><\/h2>\n\n<div class=\"wp-block-post-excerpt\"><p class=\"wp-block-post-excerpt__excerpt\">Bazen kendimizi k\u00fc\u00e7\u00fck hissederiz.\u201cBen tek ba\u015f\u0131ma neyi de\u011fi\u015ftirebilirim ki?\u201d deriz.Oysa evrenin en derin yasas\u0131 bize f\u0131s\u0131ldar: Bir ki\u015fi bile t\u00fcm titre\u015fimi de\u011fi\u015ftirebilir.T\u0131pk\u0131 karanl\u0131k bir odada &hellip; <\/p><\/div>\n\n<div class=\"wp-block-post-date\"><time datetime=\"2025-10-15T13:45:33+00:00\">Ekim 15, 2025<\/time><\/div><\/div><\/div>\n\n<\/li><li class=\"wp-block-post post-96 post type-post status-publish format-standard hentry category-blog\">\n\n<div class=\"wp-block-group\" style=\"padding-top:30px;padding-right:30px;padding-bottom:30px;padding-left:30px\"><div class=\"wp-block-group__inner-container is-layout-flow wp-block-group-is-layout-flow\"><h2 class=\"wp-block-post-title\"><a href=\"https:\/\/dolunayozbek.com\/?p=96\" target=\"_self\" >KORKUDAN DO\u011eAN I\u015eIK \u00c7A\u011eI<\/a><\/h2>\n\n<div class=\"wp-block-post-excerpt\"><p class=\"wp-block-post-excerpt__excerpt\">Ba\u015flang\u0131\u00e7ta her \u015fey sessizlikti. Ve o sessizlikten do\u011fan ilk titre\u015fim,bir bilinmezlikti. \u0130\u015fte o an, insan kalbinde \u201ckorku\u201d do\u011fdu.\u00c7\u00fcnk\u00fc hen\u00fcz \u201c\u0131\u015f\u0131\u011f\u0131 hat\u0131rlam\u0131yordu.\u201d Korku, karanl\u0131\u011f\u0131n i\u00e7indeki ilk &hellip; <\/p><\/div>\n\n<div class=\"wp-block-post-date\"><time datetime=\"2025-10-15T13:33:20+00:00\">Ekim 15, 2025<\/time><\/div><\/div><\/div>\n\n<\/li><li class=\"wp-block-post post-94 post type-post status-publish format-standard hentry category-blog\">\n\n<div class=\"wp-block-group\" style=\"padding-top:30px;padding-right:30px;padding-bottom:30px;padding-left:30px\"><div class=\"wp-block-group__inner-container is-layout-flow wp-block-group-is-layout-flow\"><h2 class=\"wp-block-post-title\"><a href=\"https:\/\/dolunayozbek.com\/?p=94\" target=\"_self\" >EGO: UNUTULMU\u015e I\u015eI\u011eIN \u00c7OCU\u011eU<\/a><\/h2>\n\n<div class=\"wp-block-post-excerpt\"><p class=\"wp-block-post-excerpt__excerpt\">Bir zamanlar bir \u00e7ocuk vard\u0131\u2026 Saf, parlak, merakla dolu.Kalbinde d\u00fcnya kadar cesaret,g\u00f6zlerinde ise hen\u00fcz incinmemi\u015f bir \u0131\u015f\u0131k. Sonra bir g\u00fcn, biri g\u00fcld\u00fc.Biri susturdu.Biri dedi ki:\u201cSen &hellip; <\/p><\/div>\n\n<div class=\"wp-block-post-date\"><time datetime=\"2025-10-15T13:30:29+00:00\">Ekim 15, 2025<\/time><\/div><\/div><\/div>\n\n<\/li><li class=\"wp-block-post post-66 post type-post status-publish format-standard hentry category-eserler\">\n\n<div class=\"wp-block-group\" style=\"padding-top:30px;padding-right:30px;padding-bottom:30px;padding-left:30px\"><div class=\"wp-block-group__inner-container is-layout-flow wp-block-group-is-layout-flow\"><h2 class=\"wp-block-post-title\"><a href=\"https:\/\/dolunayozbek.com\/?p=66\" target=\"_self\" >YARALANMI\u015e RUHLAR<\/a><\/h2>\n\n<div class=\"wp-block-post-excerpt\"><p class=\"wp-block-post-excerpt__excerpt\">Sana s\u0131rt\u0131m\u0131 d\u00f6nsem, korkmadan, Yaralar\u0131mdan \u00f6psen, Dudaklar\u0131n merhem olsa ac\u0131lar\u0131ma, Biraz a\u011flasam omuzunda, Y\u00fcklerimden kurtulma sevinciyle \u0130yi gelsen bana, iyile\u015fsem. Saklamam gereken hi\u00e7bir iz olmadan, &hellip; <\/p><\/div>\n\n<div class=\"wp-block-post-date\"><time datetime=\"2025-10-12T16:33:04+00:00\">Ekim 12, 2025<\/time><\/div><\/div><\/div>\n\n<\/li><\/ul><\/div>\n","protected":false},"excerpt":{"rendered":"","protected":false},"author":1,"featured_media":0,"parent":0,"menu_order":0,"comment_status":"closed","ping_status":"closed","template":"","meta":{"footnotes":""},"class_list":["post-15","page","type-page","status-publish","hentry"],"_links":{"self":[{"href":"https:\/\/dolunayozbek.com\/index.php?rest_route=\/wp\/v2\/pages\/15","targetHints":{"allow":["GET"]}}],"collection":[{"href":"https:\/\/dolunayozbek.com\/index.php?rest_route=\/wp\/v2\/pages"}],"about":[{"href":"https:\/\/dolunayozbek.com\/index.php?rest_route=\/wp\/v2\/types\/page"}],"author":[{"embeddable":true,"href":"https:\/\/dolunayozbek.com\/index.php?rest_route=\/wp\/v2\/users\/1"}],"replies":[{"embeddable":true,"href":"https:\/\/dolunayozbek.com\/index.php?rest_route=%2Fwp%2Fv2%2Fcomments&post=15"}],"version-history":[{"count":10,"href":"https:\/\/dolunayozbek.com\/index.php?rest_route=\/wp\/v2\/pages\/15\/revisions"}],"predecessor-version":[{"id":80,"href":"https:\/\/dolunayozbek.com\/index.php?rest_route=\/wp\/v2\/pages\/15\/revisions\/80"}],"wp:attachment":[{"href":"https:\/\/dolunayozbek.com\/index.php?rest_route=%2Fwp%2Fv2%2Fmedia&parent=15"}],"curies":[{"name":"wp","href":"https:\/\/api.w.org\/{rel}","templated":true}]}}