{"id":26,"date":"2025-10-12T13:51:14","date_gmt":"2025-10-12T13:51:14","guid":{"rendered":"https:\/\/dolunayozbek.com\/?page_id=26"},"modified":"2025-10-12T18:27:59","modified_gmt":"2025-10-12T18:27:59","slug":"eserler","status":"publish","type":"page","link":"https:\/\/dolunayozbek.com\/?page_id=26","title":{"rendered":"ESERLER"},"content":{"rendered":"\n<figure class=\"wp-block-image size-full is-style-default\"><img loading=\"lazy\" decoding=\"async\" width=\"1024\" height=\"1024\" src=\"https:\/\/dolunayozbek.com\/wp-content\/uploads\/2025\/10\/WhatsApp-Image-2025-10-12-at-16.40.02-1.jpeg\" alt=\"\" class=\"wp-image-28\" srcset=\"https:\/\/dolunayozbek.com\/wp-content\/uploads\/2025\/10\/WhatsApp-Image-2025-10-12-at-16.40.02-1.jpeg 1024w, https:\/\/dolunayozbek.com\/wp-content\/uploads\/2025\/10\/WhatsApp-Image-2025-10-12-at-16.40.02-1-300x300.jpeg 300w, https:\/\/dolunayozbek.com\/wp-content\/uploads\/2025\/10\/WhatsApp-Image-2025-10-12-at-16.40.02-1-150x150.jpeg 150w, https:\/\/dolunayozbek.com\/wp-content\/uploads\/2025\/10\/WhatsApp-Image-2025-10-12-at-16.40.02-1-768x768.jpeg 768w\" sizes=\"auto, (max-width: 1024px) 100vw, 1024px\" \/><\/figure>\n\n\n\n<h2 class=\"wp-block-heading\">ZAMANIN TOZUNDAN DO\u011eANLAR<\/h2>\n\n\n\n<p>Her eser, g\u00f6r\u00fcnmeyenin yank\u0131s\u0131d\u0131r.<br>Zaman\u0131n tozuna kar\u0131\u015fm\u0131\u015f bir an, kalbin k\u0131y\u0131s\u0131na d\u00fc\u015fer<br>ve orada sessizce filizlenir.<\/p>\n\n\n\n<p>Kimi eser bir nefes kadar k\u0131sad\u0131r,<br>kimi bir \u00f6mr\u00fcn tamam\u0131n\u0131 ta\u015f\u0131r i\u00e7inde.<br>Baz\u0131s\u0131 bir d\u00fc\u015ften uyan\u0131r,<br>baz\u0131s\u0131 bir sessizli\u011fin i\u00e7inden konu\u015fur.<\/p>\n\n\n\n<p>Burada, kelimeler yaln\u0131zca yaz\u0131lmaz \u2014<br>hissedilir, \u00e7a\u011fr\u0131l\u0131r, ya\u015fan\u0131r.<br>Her sat\u0131r bir iz b\u0131rak\u0131r;<br>her kelime, bir ruhun yank\u0131s\u0131d\u0131r.<\/p>\n\n\n\n<p>Bu sayfa, sessizli\u011fin bile sanatla konu\u015ftu\u011fu yerdir.<br>Ve burada her \u015fey,<br>\u0131\u015f\u0131\u011f\u0131n karanl\u0131\u011fa dokunu\u015fu kadar ger\u00e7ektir.<\/p>\n\n\n\n<blockquote class=\"wp-block-quote is-layout-flow wp-block-quote-is-layout-flow\">\n<blockquote class=\"wp-block-quote is-layout-flow wp-block-quote-is-layout-flow\">\n<p>&#8220;Yazmak, zamanla dans etmektir.&#8221;<\/p>\n<\/blockquote>\n\n\n\n<blockquote class=\"wp-block-quote is-layout-flow wp-block-quote-is-layout-flow\">\n<p>&#8211; DOLUNAY \u00d6ZBEK<\/p>\n<\/blockquote>\n<\/blockquote>\n\n\n\n<div class=\"wp-block-query is-layout-flow wp-block-query-is-layout-flow\"><\/div>\n","protected":false},"excerpt":{"rendered":"<p>ZAMANIN TOZUNDAN DO\u011eANLAR Her eser, g\u00f6r\u00fcnmeyenin yank\u0131s\u0131d\u0131r.Zaman\u0131n tozuna kar\u0131\u015fm\u0131\u015f bir an, kalbin k\u0131y\u0131s\u0131na d\u00fc\u015ferve orada sessizce filizlenir. Kimi eser bir nefes kadar k\u0131sad\u0131r,kimi bir \u00f6mr\u00fcn &hellip;<\/p>\n","protected":false},"author":1,"featured_media":0,"parent":0,"menu_order":0,"comment_status":"closed","ping_status":"closed","template":"","meta":{"footnotes":""},"class_list":["post-26","page","type-page","status-publish","hentry"],"_links":{"self":[{"href":"https:\/\/dolunayozbek.com\/index.php?rest_route=\/wp\/v2\/pages\/26","targetHints":{"allow":["GET"]}}],"collection":[{"href":"https:\/\/dolunayozbek.com\/index.php?rest_route=\/wp\/v2\/pages"}],"about":[{"href":"https:\/\/dolunayozbek.com\/index.php?rest_route=\/wp\/v2\/types\/page"}],"author":[{"embeddable":true,"href":"https:\/\/dolunayozbek.com\/index.php?rest_route=\/wp\/v2\/users\/1"}],"replies":[{"embeddable":true,"href":"https:\/\/dolunayozbek.com\/index.php?rest_route=%2Fwp%2Fv2%2Fcomments&post=26"}],"version-history":[{"count":11,"href":"https:\/\/dolunayozbek.com\/index.php?rest_route=\/wp\/v2\/pages\/26\/revisions"}],"predecessor-version":[{"id":79,"href":"https:\/\/dolunayozbek.com\/index.php?rest_route=\/wp\/v2\/pages\/26\/revisions\/79"}],"wp:attachment":[{"href":"https:\/\/dolunayozbek.com\/index.php?rest_route=%2Fwp%2Fv2%2Fmedia&parent=26"}],"curies":[{"name":"wp","href":"https:\/\/api.w.org\/{rel}","templated":true}]}}