{"id":32,"date":"2025-10-12T14:39:15","date_gmt":"2025-10-12T14:39:15","guid":{"rendered":"https:\/\/dolunayozbek.com\/?page_id=32"},"modified":"2025-10-12T16:17:11","modified_gmt":"2025-10-12T16:17:11","slug":"fikirler","status":"publish","type":"page","link":"https:\/\/dolunayozbek.com\/?page_id=32","title":{"rendered":"F\u0130K\u0130RLER"},"content":{"rendered":"\n<figure class=\"wp-block-image size-large is-resized\"><img loading=\"lazy\" decoding=\"async\" width=\"683\" height=\"1024\" src=\"https:\/\/dolunayozbek.com\/wp-content\/uploads\/2025\/10\/WhatsApp-Image-2025-10-12-at-17.33.53-683x1024.jpeg\" alt=\"\" class=\"wp-image-33\" style=\"width:auto;height:600px\" srcset=\"https:\/\/dolunayozbek.com\/wp-content\/uploads\/2025\/10\/WhatsApp-Image-2025-10-12-at-17.33.53-683x1024.jpeg 683w, https:\/\/dolunayozbek.com\/wp-content\/uploads\/2025\/10\/WhatsApp-Image-2025-10-12-at-17.33.53-200x300.jpeg 200w, https:\/\/dolunayozbek.com\/wp-content\/uploads\/2025\/10\/WhatsApp-Image-2025-10-12-at-17.33.53-768x1152.jpeg 768w, https:\/\/dolunayozbek.com\/wp-content\/uploads\/2025\/10\/WhatsApp-Image-2025-10-12-at-17.33.53.jpeg 1024w\" sizes=\"auto, (max-width: 683px) 100vw, 683px\" \/><\/figure>\n\n\n\n<p>Baz\u0131 d\u00fc\u015f\u00fcnceler, kelimelere s\u0131\u011fmaz.<\/p>\n\n\n\n<p>Ama yine de yazmak, onlar\u0131 anlamaya \u00e7al\u0131\u015fman\u0131n en zarif yoludur.<\/p>\n\n\n<ul class=\"wp-block-latest-posts__list wp-block-latest-posts\"><\/ul>","protected":false},"excerpt":{"rendered":"<p>Baz\u0131 d\u00fc\u015f\u00fcnceler, kelimelere s\u0131\u011fmaz. Ama yine de yazmak, onlar\u0131 anlamaya \u00e7al\u0131\u015fman\u0131n en zarif yoludur.<\/p>\n","protected":false},"author":1,"featured_media":0,"parent":0,"menu_order":0,"comment_status":"closed","ping_status":"closed","template":"","meta":{"footnotes":""},"class_list":["post-32","page","type-page","status-publish","hentry"],"_links":{"self":[{"href":"https:\/\/dolunayozbek.com\/index.php?rest_route=\/wp\/v2\/pages\/32","targetHints":{"allow":["GET"]}}],"collection":[{"href":"https:\/\/dolunayozbek.com\/index.php?rest_route=\/wp\/v2\/pages"}],"about":[{"href":"https:\/\/dolunayozbek.com\/index.php?rest_route=\/wp\/v2\/types\/page"}],"author":[{"embeddable":true,"href":"https:\/\/dolunayozbek.com\/index.php?rest_route=\/wp\/v2\/users\/1"}],"replies":[{"embeddable":true,"href":"https:\/\/dolunayozbek.com\/index.php?rest_route=%2Fwp%2Fv2%2Fcomments&post=32"}],"version-history":[{"count":2,"href":"https:\/\/dolunayozbek.com\/index.php?rest_route=\/wp\/v2\/pages\/32\/revisions"}],"predecessor-version":[{"id":62,"href":"https:\/\/dolunayozbek.com\/index.php?rest_route=\/wp\/v2\/pages\/32\/revisions\/62"}],"wp:attachment":[{"href":"https:\/\/dolunayozbek.com\/index.php?rest_route=%2Fwp%2Fv2%2Fmedia&parent=32"}],"curies":[{"name":"wp","href":"https:\/\/api.w.org\/{rel}","templated":true}]}}