{"id":43,"date":"2025-10-12T15:13:47","date_gmt":"2025-10-12T15:13:47","guid":{"rendered":"https:\/\/dolunayozbek.com\/?page_id=43"},"modified":"2025-10-12T15:13:47","modified_gmt":"2025-10-12T15:13:47","slug":"ana-sayfa","status":"publish","type":"page","link":"https:\/\/dolunayozbek.com\/?page_id=43","title":{"rendered":"ANA SAYFA"},"content":{"rendered":"\n<div class=\"wp-block-cover\"><img loading=\"lazy\" decoding=\"async\" width=\"683\" height=\"1024\" class=\"wp-block-cover__image-background wp-image-44\" alt=\"\" src=\"https:\/\/dolunayozbek.com\/wp-content\/uploads\/2025\/10\/WhatsApp-Image-2025-10-12-at-18.08.33-683x1024.jpeg\" data-object-fit=\"cover\" srcset=\"https:\/\/dolunayozbek.com\/wp-content\/uploads\/2025\/10\/WhatsApp-Image-2025-10-12-at-18.08.33-683x1024.jpeg 683w, https:\/\/dolunayozbek.com\/wp-content\/uploads\/2025\/10\/WhatsApp-Image-2025-10-12-at-18.08.33-200x300.jpeg 200w, https:\/\/dolunayozbek.com\/wp-content\/uploads\/2025\/10\/WhatsApp-Image-2025-10-12-at-18.08.33-768x1152.jpeg 768w, https:\/\/dolunayozbek.com\/wp-content\/uploads\/2025\/10\/WhatsApp-Image-2025-10-12-at-18.08.33.jpeg 1024w\" sizes=\"auto, (max-width: 683px) 100vw, 683px\" \/><span aria-hidden=\"true\" class=\"wp-block-cover__background has-background-dim\"><\/span><div class=\"wp-block-cover__inner-container is-layout-flow wp-block-cover-is-layout-flow\">\n<p class=\"has-text-align-left has-large-font-size\">Ay \u0131\u015f\u0131\u011f\u0131na ho\u015f geldin.<br>D\u00fc\u015f\u00fcncelerin, duygular\u0131n ve kelimelerin bulu\u015ftu\u011fu sessiz bir alan buras\u0131.<br>Her \u015feyin h\u0131zla akt\u0131\u011f\u0131 d\u00fcnyada, burada zaman biraz yava\u015flar.<br>Okumak, hissetmek ve yazmak i\u00e7in\u2026<br>tam da do\u011fru zamandas\u0131n.<\/p>\n\n\n\n<p class=\"has-text-align-center has-large-font-size\"><\/p>\n<\/div><\/div>\n\n\n\n<div class=\"wp-block-buttons is-layout-flex wp-block-buttons-is-layout-flex\">\n<div class=\"wp-block-button\"><a class=\"wp-block-button__link wp-element-button\" href=\"https:\/\/dolunayozbek.com\/?page_id=15\">AY I\u015eI\u011eINDA YAZILANLARA G\u0130T<\/a><\/div>\n<\/div>\n","protected":false},"excerpt":{"rendered":"","protected":false},"author":1,"featured_media":0,"parent":0,"menu_order":0,"comment_status":"closed","ping_status":"closed","template":"","meta":{"footnotes":""},"class_list":["post-43","page","type-page","status-publish","hentry"],"_links":{"self":[{"href":"https:\/\/dolunayozbek.com\/index.php?rest_route=\/wp\/v2\/pages\/43","targetHints":{"allow":["GET"]}}],"collection":[{"href":"https:\/\/dolunayozbek.com\/index.php?rest_route=\/wp\/v2\/pages"}],"about":[{"href":"https:\/\/dolunayozbek.com\/index.php?rest_route=\/wp\/v2\/types\/page"}],"author":[{"embeddable":true,"href":"https:\/\/dolunayozbek.com\/index.php?rest_route=\/wp\/v2\/users\/1"}],"replies":[{"embeddable":true,"href":"https:\/\/dolunayozbek.com\/index.php?rest_route=%2Fwp%2Fv2%2Fcomments&post=43"}],"version-history":[{"count":1,"href":"https:\/\/dolunayozbek.com\/index.php?rest_route=\/wp\/v2\/pages\/43\/revisions"}],"predecessor-version":[{"id":45,"href":"https:\/\/dolunayozbek.com\/index.php?rest_route=\/wp\/v2\/pages\/43\/revisions\/45"}],"wp:attachment":[{"href":"https:\/\/dolunayozbek.com\/index.php?rest_route=%2Fwp%2Fv2%2Fmedia&parent=43"}],"curies":[{"name":"wp","href":"https:\/\/api.w.org\/{rel}","templated":true}]}}